{"id":2119,"date":"2011-05-15T07:10:41","date_gmt":"2011-05-15T07:10:41","guid":{"rendered":"http:\/\/www.freilichtbuehne-nettelstedt.de?page_id=2119"},"modified":"2011-05-15T15:17:46","modified_gmt":"2011-05-15T15:17:46","slug":"agb","status":"publish","type":"page","link":"https:\/\/www.freilichtbuehne-nettelstedt.de\/index.php\/impressum-2\/agb\/","title":{"rendered":"AGB"},"content":{"rendered":"<p>ALLGEMEINE GESCH\u00c4FTSBEDINGUNGEN DER FREILICHTB\u00dcHNE NETTELSTEDT e.V.<\/p>\n<p>1.<br \/>\nDiese Allgemeinen Gesch\u00e4ftsbedingungen regeln die Beziehungen zwischen des Freilichtb\u00fchne Nettelstedt e.V. (nachfolgend: Freilichtb\u00fchne) und seinen Besuchern und sind Bestandteil jedes Vertrages zwischen ihnen. Unber\u00fchrt bleiben Veranstaltungen Dritter auf dem Gel\u00e4nde der Freilichtb\u00fchne.<\/p>\n<p>2.<br \/>\nZum Einlass berechtigen grunds\u00e4tzlich nur die Eintrittskarten der Freilichtb\u00fchne und ihrer Kooperationspartner. Gutscheine, Freikarten und Ehrenkarten m\u00fcssen an der Kasse der Freilichtb\u00fchne eingel\u00f6st werden. Diese gelten nur f\u00fcr eigene Veranstaltungen der Freilichtb\u00fchne, Ausnahmen werden entsprechend angek\u00fcndigt.<\/p>\n<p>3.<br \/>\nIn welchen F\u00e4llen f\u00fcr welche Personengruppen Erm\u00e4\u00dfigungen gew\u00e4hrt werden, ergeben sich aus den jeweils aktuellen Preislisten und k\u00f6nnen an der Kasse erfragt werden.<\/p>\n<p>4.<br \/>\nBesucher, die eine Erm\u00e4\u00dfigungsberechtigung bei einer Kontrolle nicht vorweisen k\u00f6nnen, obwohl ihre Eintrittskarte erm\u00e4\u00dfigt ist, haben auf Anforderung des Personals unverz\u00fcglich den Differenzbetrag zum vollen Kartenpreis der jeweiligen Preisgruppe zu entrichten. Weigert sich ein Besucher, dieser Aufforderung nachzukommen, sind die Freilichtb\u00fchne und die von ihr beauftragten Personen berechtigt, die betreffende Person unverz\u00fcglich des Hauses zu verweisen. Die Freilichtb\u00fchne beh\u00e4lt sich vor, einen Schadenersatzanspruch geltend zu machen und Strafanzeige zu stellen.<\/p>\n<p>5.<br \/>\nBereits erworbene Eintrittskarten k\u00f6nnen grunds\u00e4tzlich nicht zur\u00fcckgegeben werden.<br \/>\nVorbestellungen sind verbindlich, die Karten m\u00fcssen sp\u00e4testens drei\u00dfig Minuten vor Vorstellungsbeginn abgeholt werden.<br \/>\nSollten vorbestellte und nicht abgeholte Karten nicht im freien Verkauf wieder verkauft werden, kann die Freilichtb\u00fchne von dem Besteller die Bezahlung der bestellten Karten verlangen. <\/p>\n<p>6.<br \/>\nNach Beginn einer Veranstaltung k\u00f6nnen Besucher mit R\u00fccksicht auf die anderen Besucher und die mitwirkenden K\u00fcnstler nicht oder erst zu einem von der Theaterleitung festgelegten geeigneten Zeitpunkt (z.B. Vorstellungs- oder Beifallpausen) in den Zuschauerraum eingelassen werden. Das gleiche gilt, wenn Zuschauer w\u00e4hrend einer Vorstellung den Zuschauerraum verlassen und zur\u00fcckkehren m\u00f6chten.<\/p>\n<p>7.<br \/>\nDie Eintrittspreise und Platzgruppen f\u00fcr die Spielst\u00e4tten der Freilichtb\u00fchne richten sich nach der jeweils geltenden Kassenordnung der Freilichtb\u00fchne und dem jeweils geltenden Preisaushang der Freilichtb\u00fchne.<\/p>\n<p>8.<br \/>\nBei Veranstaltungen Dritter in den R\u00e4umen bzw. auf dem Gel\u00e4nde der Freilichtb\u00fchne werden die Eintrittspreise und die Regeln des Vorverkaufs vom jeweiligen Veranstalter festgelegt. Die Freilichtb\u00fchne haftet den Besuchern gegen\u00fcber nicht f\u00fcr die Leistungen und Preise dieser Veranstalter.<\/p>\n<p>9.<br \/>\nBei Besetzungs\u00e4nderungen besteht kein Anspruch des Besuchers auf Erstattung oder Minderung des Eintrittsgeldes oder Umtausch der Karte. Ausnahmen von dieser Regelung bestehen nur, wenn die Mitwirkung eines bestimmten K\u00fcnstlers unverzichtbarer Bestandteil der Auff\u00fchrung ist und als solcher in den Ver\u00f6ffentlichungen der Freilichtb\u00fchne angek\u00fcndigt wurde (z.B. \u201eEin Abend mit\u2026\u201c). <\/p>\n<p>10.<br \/>\nBei ver\u00e4nderten Anfangszeiten besteht kein Anspruch des Besuchers auf Erstattung oder Minderung des Eintrittsgeldes oder Umtausch der Karte. Ausnahmen von dieser Regelung bestehen nur, wenn die Anfangszeit um mehr als zwei Stunden nach hinten verschoben oder die Anfangszeit vorverlegt wurde und der Besucher keine M\u00f6glichkeit hatte, von der Vorverlegung Kenntnis zu nehmen <\/p>\n<p>11.<br \/>\nBei ver\u00e4nderten Anfangszeiten besteht kein Schadenersatzanspruch wegen Verkehrsverbindungen, die nicht genutzt werden konnten.<\/p>\n<p>12.<br \/>\nBei Vorstellungsabbruch in der ersten Vorstellungsh\u00e4lfte (bis zur Pause) hat der Besucher Anspruch auf eine Gutschrift f\u00fcr eine andere Vorstellung der Freilichtb\u00fchne oder im Ausnahmefall Anspruch auf Erstattung des Eintrittsgeldes. Weitere Aufwendungen werden nicht erstattet.<br \/>\nBei Spielabbruch nach der ersten Vorstellungsh\u00e4lfte (in der Pause oder nach Beginn der zweiten Vorstellungsh\u00e4lfte) aus Gr\u00fcnden h\u00f6herer Gewalt (z.B. Witterung, Krankheit u.\u00e4.) besteht \u2013 wie bei Freilichttheatern \u00fcblich \u2013 kein Anspruch auf Erstattung des Eintrittsgeldes oder anderer Aufwendungen. <\/p>\n<p>13.<br \/>\nJedwede kommerzielle T\u00e4tigkeit in den R\u00e4umen bzw. auf dem Gel\u00e4nde der Freilichtb\u00fchne bedarf der vorherigen schriftlichen Zustimmung der Leitung der Freilichtb\u00fchne.<\/p>\n<p>14.<br \/>\nDer Besucher hat Anspruch auf den auf seiner Eintrittskarte angegebenen Platz. Ein Wechsel auf unbesetzte Pl\u00e4tze ist nur mit Zustimmung des Einlasspersonals m\u00f6glich. Dies gilt nicht f\u00fcr Vorstellungen mit freier Platzwahl. Rollstuhlpl\u00e4tze sind \u2013 je nach Spielst\u00e4tte und Einrichtung der Spielst\u00e4tte \u2013 begrenzt vorhanden. Um vorherige telefonische Ank\u00fcndigung des Bedarfs eines Rollstuhlplatzes wird dringend gebeten. Die Erreichbarkeit der verschiedenen \u00d6rtlichkeiten in den R\u00e4umen und auf dem Gel\u00e4nde der Freilichtb\u00fchne ist gegeben, dennoch teilweise beschr\u00e4nkt. Bei Hilfe zur Erreichbarkeit der \u00d6rtlichkeiten steht das Personal der Freilichtb\u00fchne zur Verf\u00fcgung.<\/p>\n<p>15.<br \/>\nWenn Pl\u00e4tze aus technischen oder k\u00fcnstlerischen Gr\u00fcnden nicht zur Verf\u00fcgung stehen, beh\u00e4lt sich die Freilichtb\u00fchne vor, Ersatzpl\u00e4tze zuzuweisen.<\/p>\n<p>16.<br \/>\nF\u00fcr Angaben auf Plakaten und in den Publikationen der Freilichtb\u00fchne wird keine Gew\u00e4hr \u00fcbernommen. \u00c4nderungen bleiben vorbehalten.<\/p>\n<p>17.<br \/>\nGegenst\u00e4nde jeder Art, die in den R\u00e4umen und auf dem Gel\u00e4nde der Freilichtb\u00fchne gefunden werden, m\u00fcssen beim Personal der Freilichtb\u00fchne abgegeben werden.<\/p>\n<p>18.<br \/>\nDer Verlust von Gegenst\u00e4nden ist dem Personal der Freilichtb\u00fchne unverz\u00fcglich mitzuteilen.<\/p>\n<p>19.<br \/>\nFotografieren sowie Bild- und \/ oder Tonaufzeichnungen w\u00e4hrend der Auff\u00fchrungen sind aus urheberrechtlichen Gr\u00fcnden nicht gestattet.<br \/>\nZuwiderhandlungen gegen das Verbot von Bild- und Tonaufnahmen l\u00f6sen Schadensersatzpflichten aus.<br \/>\nPersonen, die unerlaubter Weise Fotoaufnahmen, Bild- und\/oder Tonaufnahmen von Auff\u00fchrungen machen, d\u00fcrfen von der Freilichtb\u00fchne unverz\u00fcglich des Hauses bzw. des Gel\u00e4ndes verwiesen werden.<br \/>\nEs besteht im Fall der Verweisung aus dem Hause bzw. des Gel\u00e4ndes wegen unzul\u00e4ssiger Aufnahmen kein Anspruch auf Schadensersatz seitens der verwiesenen Person hinsichtlich des Eintrittsgeldes oder anderer Kosten im Zusammenhang mit der Vorstellung.<br \/>\nDie Freilichtb\u00fchne ist berechtigt, Datentr\u00e4ger mit unzul\u00e4ssigen Aufnahmen zu konfiszieren und die betreffenden Aufnahmen darauf zu l\u00f6schen. Die Freilichtb\u00fchne gibt die Datentr\u00e4ger anschlie\u00dfend unverz\u00fcglich an die Person zur\u00fcck, von der sie konfisziert wurden. <\/p>\n<p>20.<br \/>\nBei Fernsehaufzeichnungen oder Filmaufnahmen ist der Besucher damit einverstanden, dass die von ihm w\u00e4hrend oder im Zusammenhang mit der Veranstaltung gemachten Aufnahmen (Bild, Film, TV) ohne Verg\u00fctung im Rahmen der \u00fcblichen Auswertung verwendet werden d\u00fcrfen.<\/p>\n<p>21.<br \/>\nDie Freilichtb\u00fchne \u00fcbt das Hausrecht aus und ist bei St\u00f6rungen berechtigt, St\u00f6rer des Hauses bzw. des Gel\u00e4ndes zu verweisen, Hausverbote auszusprechen bzw. andere geeignete Ma\u00dfnahmen im Rahmen des Hausrechtes zu ergreifen.<\/p>\n<p>22.<br \/>\nDie Freilichtb\u00fchne stellt ihren Besuchern Parkpl\u00e4tze (nur PKW) im Rahmen des M\u00f6glichen zur Verf\u00fcgung. Anspruch auf einen Parkplatz haben die Besucher nicht. Soweit die Freilichtb\u00fchne von Seiten Dritter auf Schadenersatz, Beseitigung oder Unterlassung in Anspruch genommen wird, weil ein Besucher im Zusammenhang mit einer Veranstaltung der Freilichtb\u00fchne durch unerlaubtes Parken Rechte dieses Dritten verletzt hat, ist der Besucher verpflichtet, die Freilichtb\u00fchne von den Kosten (insbesondere unvermeidbare Schadenersatzzahlungen an den Dritten und Rechtsverteidigungskosten der Freilichtb\u00fchne) freizuhalten. <\/p>\n<p>23.<br \/>\nBei Brand und sonstigen Gefahrensituationen m\u00fcssen die Besucher das Haus bzw. das Gel\u00e4nde ohne Umwege sofort durch die gekennzeichneten Aus- und Notausg\u00e4nge verlassen. Eine Garderobenausgabe findet in diesen F\u00e4llen nicht statt. Die Anweisungen des Freilichtb\u00fchnen-Personals oder anderer Personen, die von der Freilichtb\u00fchne beauftragt sind, sind in diesen F\u00e4llen unbedingt zu befolgen.<\/p>\n<p>24.<br \/>\n(1) Die Freilichtb\u00fchne haftet f\u00fcr alle Sch\u00e4den, die von ihr, ihren Angestellten oder Beauftragten pflichtwidrig verursacht werden. Die Haftung ist ausgeschlossen, falls die Freilichtb\u00fchne bzw. ihre Angestellten oder Beauftragten die Pflichtverletzung nicht zu vertreten haben.<br \/>\n(2) Die Haftung ist auf Vorsatz und grobe Fahrl\u00e4ssigkeit beschr\u00e4nkt, soweit sie nicht bei Verletzung von Leben, K\u00f6rper und Gesundheit oder f\u00fcr die Verletzung einer wesentlichen Vertragspflicht haftet. Wesentliche Vertragspflichten sind solche Pflichten, deren Erf\u00fcllung die ordnungsgem\u00e4\u00dfe Durchf\u00fchrung des Vertrags \u00fcberhaupt erst erm\u00f6glicht und auf deren Einhaltung der Vertragspartner regelm\u00e4\u00dfig vertrauen darf<br \/>\n(3) Im Falle der fahrl\u00e4ssigen Verletzung einer wesentlichen Vertragspflicht haftet die Freilichtb\u00fchne jedoch lediglich f\u00fcr den vertragstypischen, vorhersehbaren Schaden, sofern keine Haftung f\u00fcr K\u00f6rper- oder Gesundheitssch\u00e4den vorliegt.<br \/>\n(4) Die Abs\u00e4tze 2 und 3 gelten entsprechend f\u00fcr Pflichtverletzungen angestellter oder beauftragter Personen, f\u00fcr die die Freilichtb\u00fchne gem\u00e4\u00df Absatz 1 Satz 1 einzustehen hat.<br \/>\n(5) Soweit die Freilichtb\u00fchne nach den vorstehenden Abs\u00e4tzen von der Haftung befreit ist, sind auch die Angestellten bzw. Beauftragten der Freilichtb\u00fchne von der Haftung frei. <\/p>\n<p>25.<br \/>\nDer Besucher ist verpflichtet, einen Schaden unverz\u00fcglich, offensichtliche Sch\u00e4den jedenfalls vor Verlassen des Freilichtb\u00fchnengel\u00e4ndes anzuzeigen. <\/p>\n<p>26.<br \/>\nDie Freilichtb\u00fchne haftet nicht f\u00fcr Sch\u00e4den, die allein durch andere Besucher oder Dritte zu verursacht worden sind, es sei denn, es liegt ein Haftungsfall gem\u00e4\u00df Ziffer 24. vor.<\/p>\n<p>Gez. Der Vorstand<br \/>\nNettelstedt, im Mai 2011 <\/p>\n","protected":false},"excerpt":{"rendered":"<p>ALLGEMEINE GESCH\u00c4FTSBEDINGUNGEN DER FREILICHTB\u00dcHNE NETTELSTEDT e.V. 1. Diese Allgemeinen Gesch\u00e4ftsbedingungen regeln die Beziehungen zwischen des Freilichtb\u00fchne Nettelstedt e.V. (nachfolgend: Freilichtb\u00fchne) und seinen Besuchern und sind Bestandteil jedes Vertrages zwischen ihnen. Unber\u00fchrt bleiben Veranstaltungen Dritter auf dem Gel\u00e4nde der Freilichtb\u00fchne. 2. Zum Einlass berechtigen grunds\u00e4tzlich nur die Eintrittskarten der Freilichtb\u00fchne und ihrer Kooperationspartner. Gutscheine, Freikarten und [&hellip;]<\/p>\n","protected":false},"author":3,"featured_media":0,"parent":20,"menu_order":0,"comment_status":"closed","ping_status":"closed","template":"","meta":{"_monsterinsights_skip_tracking":false,"_monsterinsights_sitenote_active":false,"_monsterinsights_sitenote_note":"","_monsterinsights_sitenote_category":0,"ngg_post_thumbnail":0,"footnotes":""},"class_list":["post-2119","page","type-page","status-publish","czr-hentry"],"yoast_head":"<!-- This site is optimized with the Yoast SEO plugin v27.3 - https:\/\/yoast.com\/product\/yoast-seo-wordpress\/ -->\n<title>AGB - Freilichtb\u00fchne Nettelstedt<\/title>\n<meta name=\"robots\" content=\"index, follow, max-snippet:-1, max-image-preview:large, max-video-preview:-1\" \/>\n<link rel=\"canonical\" href=\"https:\/\/www.freilichtbuehne-nettelstedt.de\/index.php\/impressum-2\/agb\/\" \/>\n<meta property=\"og:locale\" content=\"de_DE\" \/>\n<meta property=\"og:type\" content=\"article\" \/>\n<meta property=\"og:title\" content=\"AGB - Freilichtb\u00fchne Nettelstedt\" \/>\n<meta property=\"og:description\" content=\"ALLGEMEINE GESCH\u00c4FTSBEDINGUNGEN DER FREILICHTB\u00dcHNE NETTELSTEDT e.V. 1. Diese Allgemeinen Gesch\u00e4ftsbedingungen regeln die Beziehungen zwischen des Freilichtb\u00fchne Nettelstedt e.V. (nachfolgend: Freilichtb\u00fchne) und seinen Besuchern und sind Bestandteil jedes Vertrages zwischen ihnen. Unber\u00fchrt bleiben Veranstaltungen Dritter auf dem Gel\u00e4nde der Freilichtb\u00fchne. 2. Zum Einlass berechtigen grunds\u00e4tzlich nur die Eintrittskarten der Freilichtb\u00fchne und ihrer Kooperationspartner. Gutscheine, Freikarten und [&hellip;]\" \/>\n<meta property=\"og:url\" content=\"https:\/\/www.freilichtbuehne-nettelstedt.de\/index.php\/impressum-2\/agb\/\" \/>\n<meta property=\"og:site_name\" content=\"Freilichtb\u00fchne Nettelstedt\" \/>\n<meta property=\"article:publisher\" content=\"https:\/\/www.facebook.com\/freilichtbuehne.nettelstedt\/\" \/>\n<meta property=\"article:modified_time\" content=\"2011-05-15T15:17:46+00:00\" \/>\n<meta name=\"twitter:card\" content=\"summary_large_image\" \/>\n<meta name=\"twitter:label1\" content=\"Gesch\u00e4tzte Lesezeit\" \/>\n\t<meta name=\"twitter:data1\" content=\"7\u00a0Minuten\" \/>\n<script type=\"application\/ld+json\" class=\"yoast-schema-graph\">{\"@context\":\"https:\\\/\\\/schema.org\",\"@graph\":[{\"@type\":\"WebPage\",\"@id\":\"https:\\\/\\\/www.freilichtbuehne-nettelstedt.de\\\/index.php\\\/impressum-2\\\/agb\\\/\",\"url\":\"https:\\\/\\\/www.freilichtbuehne-nettelstedt.de\\\/index.php\\\/impressum-2\\\/agb\\\/\",\"name\":\"AGB - Freilichtb\u00fchne Nettelstedt\",\"isPartOf\":{\"@id\":\"https:\\\/\\\/www.freilichtbuehne-nettelstedt.de\\\/#website\"},\"datePublished\":\"2011-05-15T07:10:41+00:00\",\"dateModified\":\"2011-05-15T15:17:46+00:00\",\"breadcrumb\":{\"@id\":\"https:\\\/\\\/www.freilichtbuehne-nettelstedt.de\\\/index.php\\\/impressum-2\\\/agb\\\/#breadcrumb\"},\"inLanguage\":\"de\",\"potentialAction\":[{\"@type\":\"ReadAction\",\"target\":[\"https:\\\/\\\/www.freilichtbuehne-nettelstedt.de\\\/index.php\\\/impressum-2\\\/agb\\\/\"]}]},{\"@type\":\"BreadcrumbList\",\"@id\":\"https:\\\/\\\/www.freilichtbuehne-nettelstedt.de\\\/index.php\\\/impressum-2\\\/agb\\\/#breadcrumb\",\"itemListElement\":[{\"@type\":\"ListItem\",\"position\":1,\"name\":\"Startseite\",\"item\":\"https:\\\/\\\/www.freilichtbuehne-nettelstedt.de\\\/\"},{\"@type\":\"ListItem\",\"position\":2,\"name\":\"Impressum\",\"item\":\"https:\\\/\\\/www.freilichtbuehne-nettelstedt.de\\\/index.php\\\/impressum-2\\\/\"},{\"@type\":\"ListItem\",\"position\":3,\"name\":\"AGB\"}]},{\"@type\":\"WebSite\",\"@id\":\"https:\\\/\\\/www.freilichtbuehne-nettelstedt.de\\\/#website\",\"url\":\"https:\\\/\\\/www.freilichtbuehne-nettelstedt.de\\\/\",\"name\":\"Freilichtb\u00fchne Nettelstedt\",\"description\":\"Theater, das einfach Spa\u00df macht\",\"publisher\":{\"@id\":\"https:\\\/\\\/www.freilichtbuehne-nettelstedt.de\\\/#organization\"},\"potentialAction\":[{\"@type\":\"SearchAction\",\"target\":{\"@type\":\"EntryPoint\",\"urlTemplate\":\"https:\\\/\\\/www.freilichtbuehne-nettelstedt.de\\\/?s={search_term_string}\"},\"query-input\":{\"@type\":\"PropertyValueSpecification\",\"valueRequired\":true,\"valueName\":\"search_term_string\"}}],\"inLanguage\":\"de\"},{\"@type\":\"Organization\",\"@id\":\"https:\\\/\\\/www.freilichtbuehne-nettelstedt.de\\\/#organization\",\"name\":\"Freilichtb\u00fchne Nettelstedt e.V\",\"url\":\"https:\\\/\\\/www.freilichtbuehne-nettelstedt.de\\\/\",\"logo\":{\"@type\":\"ImageObject\",\"inLanguage\":\"de\",\"@id\":\"https:\\\/\\\/www.freilichtbuehne-nettelstedt.de\\\/#\\\/schema\\\/logo\\\/image\\\/\",\"url\":\"https:\\\/\\\/www.freilichtbuehne-nettelstedt.de\\\/wp-content\\\/uploads\\\/2016\\\/02\\\/Logo_Final_2016_Transp_klein.png\",\"contentUrl\":\"https:\\\/\\\/www.freilichtbuehne-nettelstedt.de\\\/wp-content\\\/uploads\\\/2016\\\/02\\\/Logo_Final_2016_Transp_klein.png\",\"width\":250,\"height\":100,\"caption\":\"Freilichtb\u00fchne Nettelstedt e.V\"},\"image\":{\"@id\":\"https:\\\/\\\/www.freilichtbuehne-nettelstedt.de\\\/#\\\/schema\\\/logo\\\/image\\\/\"},\"sameAs\":[\"https:\\\/\\\/www.facebook.com\\\/freilichtbuehne.nettelstedt\\\/\",\"https:\\\/\\\/www.instagram.com\\\/freilichtbuehnenettelstedt\\\/\"]}]}<\/script>\n<!-- \/ Yoast SEO plugin. -->","yoast_head_json":{"title":"AGB - Freilichtb\u00fchne Nettelstedt","robots":{"index":"index","follow":"follow","max-snippet":"max-snippet:-1","max-image-preview":"max-image-preview:large","max-video-preview":"max-video-preview:-1"},"canonical":"https:\/\/www.freilichtbuehne-nettelstedt.de\/index.php\/impressum-2\/agb\/","og_locale":"de_DE","og_type":"article","og_title":"AGB - Freilichtb\u00fchne Nettelstedt","og_description":"ALLGEMEINE GESCH\u00c4FTSBEDINGUNGEN DER FREILICHTB\u00dcHNE NETTELSTEDT e.V. 1. Diese Allgemeinen Gesch\u00e4ftsbedingungen regeln die Beziehungen zwischen des Freilichtb\u00fchne Nettelstedt e.V. (nachfolgend: Freilichtb\u00fchne) und seinen Besuchern und sind Bestandteil jedes Vertrages zwischen ihnen. Unber\u00fchrt bleiben Veranstaltungen Dritter auf dem Gel\u00e4nde der Freilichtb\u00fchne. 2. Zum Einlass berechtigen grunds\u00e4tzlich nur die Eintrittskarten der Freilichtb\u00fchne und ihrer Kooperationspartner. Gutscheine, Freikarten und [&hellip;]","og_url":"https:\/\/www.freilichtbuehne-nettelstedt.de\/index.php\/impressum-2\/agb\/","og_site_name":"Freilichtb\u00fchne Nettelstedt","article_publisher":"https:\/\/www.facebook.com\/freilichtbuehne.nettelstedt\/","article_modified_time":"2011-05-15T15:17:46+00:00","twitter_card":"summary_large_image","twitter_misc":{"Gesch\u00e4tzte Lesezeit":"7\u00a0Minuten"},"schema":{"@context":"https:\/\/schema.org","@graph":[{"@type":"WebPage","@id":"https:\/\/www.freilichtbuehne-nettelstedt.de\/index.php\/impressum-2\/agb\/","url":"https:\/\/www.freilichtbuehne-nettelstedt.de\/index.php\/impressum-2\/agb\/","name":"AGB - Freilichtb\u00fchne Nettelstedt","isPartOf":{"@id":"https:\/\/www.freilichtbuehne-nettelstedt.de\/#website"},"datePublished":"2011-05-15T07:10:41+00:00","dateModified":"2011-05-15T15:17:46+00:00","breadcrumb":{"@id":"https:\/\/www.freilichtbuehne-nettelstedt.de\/index.php\/impressum-2\/agb\/#breadcrumb"},"inLanguage":"de","potentialAction":[{"@type":"ReadAction","target":["https:\/\/www.freilichtbuehne-nettelstedt.de\/index.php\/impressum-2\/agb\/"]}]},{"@type":"BreadcrumbList","@id":"https:\/\/www.freilichtbuehne-nettelstedt.de\/index.php\/impressum-2\/agb\/#breadcrumb","itemListElement":[{"@type":"ListItem","position":1,"name":"Startseite","item":"https:\/\/www.freilichtbuehne-nettelstedt.de\/"},{"@type":"ListItem","position":2,"name":"Impressum","item":"https:\/\/www.freilichtbuehne-nettelstedt.de\/index.php\/impressum-2\/"},{"@type":"ListItem","position":3,"name":"AGB"}]},{"@type":"WebSite","@id":"https:\/\/www.freilichtbuehne-nettelstedt.de\/#website","url":"https:\/\/www.freilichtbuehne-nettelstedt.de\/","name":"Freilichtb\u00fchne Nettelstedt","description":"Theater, das einfach Spa\u00df macht","publisher":{"@id":"https:\/\/www.freilichtbuehne-nettelstedt.de\/#organization"},"potentialAction":[{"@type":"SearchAction","target":{"@type":"EntryPoint","urlTemplate":"https:\/\/www.freilichtbuehne-nettelstedt.de\/?s={search_term_string}"},"query-input":{"@type":"PropertyValueSpecification","valueRequired":true,"valueName":"search_term_string"}}],"inLanguage":"de"},{"@type":"Organization","@id":"https:\/\/www.freilichtbuehne-nettelstedt.de\/#organization","name":"Freilichtb\u00fchne Nettelstedt e.V","url":"https:\/\/www.freilichtbuehne-nettelstedt.de\/","logo":{"@type":"ImageObject","inLanguage":"de","@id":"https:\/\/www.freilichtbuehne-nettelstedt.de\/#\/schema\/logo\/image\/","url":"https:\/\/www.freilichtbuehne-nettelstedt.de\/wp-content\/uploads\/2016\/02\/Logo_Final_2016_Transp_klein.png","contentUrl":"https:\/\/www.freilichtbuehne-nettelstedt.de\/wp-content\/uploads\/2016\/02\/Logo_Final_2016_Transp_klein.png","width":250,"height":100,"caption":"Freilichtb\u00fchne Nettelstedt e.V"},"image":{"@id":"https:\/\/www.freilichtbuehne-nettelstedt.de\/#\/schema\/logo\/image\/"},"sameAs":["https:\/\/www.facebook.com\/freilichtbuehne.nettelstedt\/","https:\/\/www.instagram.com\/freilichtbuehnenettelstedt\/"]}]}},"_links":{"self":[{"href":"https:\/\/www.freilichtbuehne-nettelstedt.de\/index.php\/wp-json\/wp\/v2\/pages\/2119","targetHints":{"allow":["GET"]}}],"collection":[{"href":"https:\/\/www.freilichtbuehne-nettelstedt.de\/index.php\/wp-json\/wp\/v2\/pages"}],"about":[{"href":"https:\/\/www.freilichtbuehne-nettelstedt.de\/index.php\/wp-json\/wp\/v2\/types\/page"}],"author":[{"embeddable":true,"href":"https:\/\/www.freilichtbuehne-nettelstedt.de\/index.php\/wp-json\/wp\/v2\/users\/3"}],"replies":[{"embeddable":true,"href":"https:\/\/www.freilichtbuehne-nettelstedt.de\/index.php\/wp-json\/wp\/v2\/comments?post=2119"}],"version-history":[{"count":0,"href":"https:\/\/www.freilichtbuehne-nettelstedt.de\/index.php\/wp-json\/wp\/v2\/pages\/2119\/revisions"}],"up":[{"embeddable":true,"href":"https:\/\/www.freilichtbuehne-nettelstedt.de\/index.php\/wp-json\/wp\/v2\/pages\/20"}],"wp:attachment":[{"href":"https:\/\/www.freilichtbuehne-nettelstedt.de\/index.php\/wp-json\/wp\/v2\/media?parent=2119"}],"curies":[{"name":"wp","href":"https:\/\/api.w.org\/{rel}","templated":true}]}}