{"id":10722,"date":"2022-07-09T17:25:23","date_gmt":"2022-07-09T15:25:23","guid":{"rendered":"https:\/\/www.freilichtbuehne-nettelstedt.de\/?page_id=10722"},"modified":"2022-07-09T21:17:19","modified_gmt":"2022-07-09T19:17:19","slug":"spielleitung-2","status":"publish","type":"page","link":"https:\/\/www.freilichtbuehne-nettelstedt.de\/index.php\/spielleitung-2\/","title":{"rendered":"SPIELLEITUNG"},"content":{"rendered":"<div id=\"pl-10722\"  class=\"panel-layout\" ><div id=\"pg-10722-0\"  class=\"panel-grid panel-has-style\" ><div class=\"so-parallax siteorigin-panels-stretch panel-row-style panel-row-style-for-10722-0\" data-stretch-type=\"full-stretched-padded\" ><img fetchpriority=\"high\" decoding=\"async\" width=\"2048\" height=\"2560\" src=\"https:\/\/www.freilichtbuehne-nettelstedt.de\/wp-content\/uploads\/2021\/06\/pexels-1687341-farn-faded-scaled.jpg\" class=\"attachment-full size-full no-lazy\" alt=\"\" data-siteorigin-parallax=\"true\" loading=\"eager\" srcset=\"https:\/\/www.freilichtbuehne-nettelstedt.de\/wp-content\/uploads\/2021\/06\/pexels-1687341-farn-faded-scaled.jpg 2048w, https:\/\/www.freilichtbuehne-nettelstedt.de\/wp-content\/uploads\/2021\/06\/pexels-1687341-farn-faded-240x300.jpg 240w, https:\/\/www.freilichtbuehne-nettelstedt.de\/wp-content\/uploads\/2021\/06\/pexels-1687341-farn-faded-819x1024.jpg 819w, https:\/\/www.freilichtbuehne-nettelstedt.de\/wp-content\/uploads\/2021\/06\/pexels-1687341-farn-faded-768x960.jpg 768w, https:\/\/www.freilichtbuehne-nettelstedt.de\/wp-content\/uploads\/2021\/06\/pexels-1687341-farn-faded-1229x1536.jpg 1229w, https:\/\/www.freilichtbuehne-nettelstedt.de\/wp-content\/uploads\/2021\/06\/pexels-1687341-farn-faded-1638x2048.jpg 1638w, https:\/\/www.freilichtbuehne-nettelstedt.de\/wp-content\/uploads\/2021\/06\/pexels-1687341-farn-faded-570x713.jpg 570w\" sizes=\"(max-width: 2048px) 100vw, 2048px\" \/><div id=\"pgc-10722-0-0\"  class=\"panel-grid-cell\" ><div id=\"panel-10722-0-0-0\" class=\"so-panel widget widget_sow-headline panel-first-child\" data-index=\"0\" ><div\n\t\t\t\n\t\t\tclass=\"so-widget-sow-headline so-widget-sow-headline-default-a7f9e695c5ab-10722\"\n\t\t\t\n\t\t><div class=\"sow-headline-container \">\n\t\t\t\t\t\t\t<h1 class=\"sow-headline\">\n\t\t\t\t\t\tWillkommen bei der Spielleitung\t\t\t\t\t\t<\/h1>\n\t\t\t\t\t\t\t\t\t\t\t\t<h6 class=\"sow-sub-headline\">\n\t\t\t\t\t\tDu m\u00f6chtest wissen was genau ein Spielleiter macht?\t\t\t\t\t\t<\/h6>\n\t\t\t\t\t\t\t\t\t\t\t<div class=\"decoration\">\n\t\t\t\t\t\t<div class=\"decoration-inside\"><\/div>\n\t\t\t\t\t<\/div>\n\t\t\t\t\t<\/div>\n<\/div><\/div><div id=\"panel-10722-0-0-1\" class=\"so-panel widget widget_sow-editor\" data-index=\"1\" ><div class=\"panel-widget-style panel-widget-style-for-10722-0-0-1\" ><div\n\t\t\t\n\t\t\tclass=\"so-widget-sow-editor so-widget-sow-editor-base\"\n\t\t\t\n\t\t>\n<div class=\"siteorigin-widget-tinymce textwidget\">\n\t<p style=\"text-align: center\">Tja, in erster Linie leiten sie Spiele, wie es der Name schon sagt. In unserem Fall leiten sie das Schauspiel. Da wir im Sommer immer zwei Werke auf die B\u00fchne bringen, sind wir auch zu zweit.<br \/>\nWir sind die Drahtzieher, Marionettenspieler, Hinterm\u00e4nner und steuern hinter den Kulissen den reibungslosen Ablauf aller organisatorischen Aufgaben in der Spielsaison. Dazu geh\u00f6rt die Abstimmung und Kommunikation mit den Regisseuren, Technikern, Maskenbildnern, Kost\u00fcmschneidern und B\u00fchnenbauhelfern, die Besetzung der St\u00fccke, die Planung der Auff\u00fchrungen, die Betreuung der Mitspieler w\u00e4hren der Proben- und Spielzeit, die Vorauswahl der St\u00fccke f\u00fcr das kommende Jahr und noch vieles mehr.<br \/>\nSo f\u00e4llt, besonders vor den jeweiligen Premieren, eine Menge Arbeit an. Es ist jedoch ein sehr befriedigendes Erlebnis die Fr\u00fcchte unseres Wirkens zu erleben und das fertige St\u00fcck auf der B\u00fchne zu betrachten, um zu merken, dass alle kleinen F\u00e4den zu einer funktionierenden und au\u00dferordentlich frohen Marionette zusammenlaufen. Da merken wir, dass sich die Arbeit gelohnt hat, und freuen uns auf die n\u00e4chste Inszenierung, denn auch wir geh\u00f6ren zu dem Theater, das einfach Spa\u00df macht. Falls jemand Interesse hat bei uns mitzuspielen, so sind wir die richtigen Ansprechpartner. Wir freuen uns \u00fcber jedes neue Gesicht.<\/p>\n<\/div>\n<\/div><\/div><\/div><div id=\"panel-10722-0-0-2\" class=\"so-panel widget widget_sow-button panel-last-child\" data-index=\"2\" ><div\n\t\t\t\n\t\t\tclass=\"so-widget-sow-button so-widget-sow-button-wire-f96cfd83b621-10722\"\n\t\t\t\n\t\t><div class=\"ow-button-base ow-button-align-center\"\n>\n\t\t\t<a\n\t\t\t\t\thref=\"https:\/\/www.freilichtbuehne-nettelstedt.de\/index.php\/mitglied-werden\/\"\n\t\t\t\t\tclass=\"sowb-button ow-icon-placement-left ow-button-hover\" target=\"_blank\" rel=\"noopener noreferrer\" \t>\n\t\t<span>\n\t\t\t\n\t\t\tMITGLIED WERDEN\t\t<\/span>\n\t\t\t<\/a>\n\t<\/div>\n<\/div><\/div><\/div><\/div><\/div><\/div>","protected":false},"excerpt":{"rendered":"<p>Tja, in erster Linie leiten sie Spiele, wie es der Name schon sagt. In unserem Fall leiten sie das Schauspiel. Da wir im Sommer immer zwei Werke auf die B\u00fchne bringen, sind wir auch zu zweit. Wir sind die Drahtzieher, Marionettenspieler, Hinterm\u00e4nner und steuern hinter den Kulissen den reibungslosen Ablauf aller organisatorischen Aufgaben in der [&hellip;]<\/p>\n","protected":false},"author":127,"featured_media":0,"parent":0,"menu_order":0,"comment_status":"closed","ping_status":"closed","template":"","meta":{"_monsterinsights_skip_tracking":false,"_monsterinsights_sitenote_active":false,"_monsterinsights_sitenote_note":"","_monsterinsights_sitenote_category":0,"ngg_post_thumbnail":0,"footnotes":""},"class_list":["post-10722","page","type-page","status-publish","czr-hentry"],"yoast_head":"<!-- This site is optimized with the Yoast SEO plugin v27.3 - https:\/\/yoast.com\/product\/yoast-seo-wordpress\/ -->\n<title>SPIELLEITUNG - Freilichtb\u00fchne Nettelstedt<\/title>\n<meta name=\"robots\" content=\"index, follow, max-snippet:-1, max-image-preview:large, max-video-preview:-1\" \/>\n<link rel=\"canonical\" href=\"https:\/\/www.freilichtbuehne-nettelstedt.de\/index.php\/spielleitung-2\/\" \/>\n<meta property=\"og:locale\" content=\"de_DE\" \/>\n<meta property=\"og:type\" content=\"article\" \/>\n<meta property=\"og:title\" content=\"SPIELLEITUNG - Freilichtb\u00fchne Nettelstedt\" \/>\n<meta property=\"og:description\" content=\"Tja, in erster Linie leiten sie Spiele, wie es der Name schon sagt. In unserem Fall leiten sie das Schauspiel. Da wir im Sommer immer zwei Werke auf die B\u00fchne bringen, sind wir auch zu zweit. Wir sind die Drahtzieher, Marionettenspieler, Hinterm\u00e4nner und steuern hinter den Kulissen den reibungslosen Ablauf aller organisatorischen Aufgaben in der [&hellip;]\" \/>\n<meta property=\"og:url\" content=\"https:\/\/www.freilichtbuehne-nettelstedt.de\/index.php\/spielleitung-2\/\" \/>\n<meta property=\"og:site_name\" content=\"Freilichtb\u00fchne Nettelstedt\" \/>\n<meta property=\"article:publisher\" content=\"https:\/\/www.facebook.com\/freilichtbuehne.nettelstedt\/\" \/>\n<meta property=\"article:modified_time\" content=\"2022-07-09T19:17:19+00:00\" \/>\n<meta name=\"twitter:card\" content=\"summary_large_image\" \/>\n<meta name=\"twitter:label1\" content=\"Gesch\u00e4tzte Lesezeit\" \/>\n\t<meta name=\"twitter:data1\" content=\"1\u00a0Minute\" \/>\n<script type=\"application\/ld+json\" class=\"yoast-schema-graph\">{\"@context\":\"https:\\\/\\\/schema.org\",\"@graph\":[{\"@type\":\"WebPage\",\"@id\":\"https:\\\/\\\/www.freilichtbuehne-nettelstedt.de\\\/index.php\\\/spielleitung-2\\\/\",\"url\":\"https:\\\/\\\/www.freilichtbuehne-nettelstedt.de\\\/index.php\\\/spielleitung-2\\\/\",\"name\":\"SPIELLEITUNG - Freilichtb\u00fchne Nettelstedt\",\"isPartOf\":{\"@id\":\"https:\\\/\\\/www.freilichtbuehne-nettelstedt.de\\\/#website\"},\"datePublished\":\"2022-07-09T15:25:23+00:00\",\"dateModified\":\"2022-07-09T19:17:19+00:00\",\"breadcrumb\":{\"@id\":\"https:\\\/\\\/www.freilichtbuehne-nettelstedt.de\\\/index.php\\\/spielleitung-2\\\/#breadcrumb\"},\"inLanguage\":\"de\",\"potentialAction\":[{\"@type\":\"ReadAction\",\"target\":[\"https:\\\/\\\/www.freilichtbuehne-nettelstedt.de\\\/index.php\\\/spielleitung-2\\\/\"]}]},{\"@type\":\"BreadcrumbList\",\"@id\":\"https:\\\/\\\/www.freilichtbuehne-nettelstedt.de\\\/index.php\\\/spielleitung-2\\\/#breadcrumb\",\"itemListElement\":[{\"@type\":\"ListItem\",\"position\":1,\"name\":\"Startseite\",\"item\":\"https:\\\/\\\/www.freilichtbuehne-nettelstedt.de\\\/\"},{\"@type\":\"ListItem\",\"position\":2,\"name\":\"SPIELLEITUNG\"}]},{\"@type\":\"WebSite\",\"@id\":\"https:\\\/\\\/www.freilichtbuehne-nettelstedt.de\\\/#website\",\"url\":\"https:\\\/\\\/www.freilichtbuehne-nettelstedt.de\\\/\",\"name\":\"Freilichtb\u00fchne Nettelstedt\",\"description\":\"Theater, das einfach Spa\u00df macht\",\"publisher\":{\"@id\":\"https:\\\/\\\/www.freilichtbuehne-nettelstedt.de\\\/#organization\"},\"potentialAction\":[{\"@type\":\"SearchAction\",\"target\":{\"@type\":\"EntryPoint\",\"urlTemplate\":\"https:\\\/\\\/www.freilichtbuehne-nettelstedt.de\\\/?s={search_term_string}\"},\"query-input\":{\"@type\":\"PropertyValueSpecification\",\"valueRequired\":true,\"valueName\":\"search_term_string\"}}],\"inLanguage\":\"de\"},{\"@type\":\"Organization\",\"@id\":\"https:\\\/\\\/www.freilichtbuehne-nettelstedt.de\\\/#organization\",\"name\":\"Freilichtb\u00fchne Nettelstedt e.V\",\"url\":\"https:\\\/\\\/www.freilichtbuehne-nettelstedt.de\\\/\",\"logo\":{\"@type\":\"ImageObject\",\"inLanguage\":\"de\",\"@id\":\"https:\\\/\\\/www.freilichtbuehne-nettelstedt.de\\\/#\\\/schema\\\/logo\\\/image\\\/\",\"url\":\"https:\\\/\\\/www.freilichtbuehne-nettelstedt.de\\\/wp-content\\\/uploads\\\/2016\\\/02\\\/Logo_Final_2016_Transp_klein.png\",\"contentUrl\":\"https:\\\/\\\/www.freilichtbuehne-nettelstedt.de\\\/wp-content\\\/uploads\\\/2016\\\/02\\\/Logo_Final_2016_Transp_klein.png\",\"width\":250,\"height\":100,\"caption\":\"Freilichtb\u00fchne Nettelstedt e.V\"},\"image\":{\"@id\":\"https:\\\/\\\/www.freilichtbuehne-nettelstedt.de\\\/#\\\/schema\\\/logo\\\/image\\\/\"},\"sameAs\":[\"https:\\\/\\\/www.facebook.com\\\/freilichtbuehne.nettelstedt\\\/\",\"https:\\\/\\\/www.instagram.com\\\/freilichtbuehnenettelstedt\\\/\"]}]}<\/script>\n<!-- \/ Yoast SEO plugin. -->","yoast_head_json":{"title":"SPIELLEITUNG - Freilichtb\u00fchne Nettelstedt","robots":{"index":"index","follow":"follow","max-snippet":"max-snippet:-1","max-image-preview":"max-image-preview:large","max-video-preview":"max-video-preview:-1"},"canonical":"https:\/\/www.freilichtbuehne-nettelstedt.de\/index.php\/spielleitung-2\/","og_locale":"de_DE","og_type":"article","og_title":"SPIELLEITUNG - Freilichtb\u00fchne Nettelstedt","og_description":"Tja, in erster Linie leiten sie Spiele, wie es der Name schon sagt. In unserem Fall leiten sie das Schauspiel. Da wir im Sommer immer zwei Werke auf die B\u00fchne bringen, sind wir auch zu zweit. Wir sind die Drahtzieher, Marionettenspieler, Hinterm\u00e4nner und steuern hinter den Kulissen den reibungslosen Ablauf aller organisatorischen Aufgaben in der [&hellip;]","og_url":"https:\/\/www.freilichtbuehne-nettelstedt.de\/index.php\/spielleitung-2\/","og_site_name":"Freilichtb\u00fchne Nettelstedt","article_publisher":"https:\/\/www.facebook.com\/freilichtbuehne.nettelstedt\/","article_modified_time":"2022-07-09T19:17:19+00:00","twitter_card":"summary_large_image","twitter_misc":{"Gesch\u00e4tzte Lesezeit":"1\u00a0Minute"},"schema":{"@context":"https:\/\/schema.org","@graph":[{"@type":"WebPage","@id":"https:\/\/www.freilichtbuehne-nettelstedt.de\/index.php\/spielleitung-2\/","url":"https:\/\/www.freilichtbuehne-nettelstedt.de\/index.php\/spielleitung-2\/","name":"SPIELLEITUNG - Freilichtb\u00fchne Nettelstedt","isPartOf":{"@id":"https:\/\/www.freilichtbuehne-nettelstedt.de\/#website"},"datePublished":"2022-07-09T15:25:23+00:00","dateModified":"2022-07-09T19:17:19+00:00","breadcrumb":{"@id":"https:\/\/www.freilichtbuehne-nettelstedt.de\/index.php\/spielleitung-2\/#breadcrumb"},"inLanguage":"de","potentialAction":[{"@type":"ReadAction","target":["https:\/\/www.freilichtbuehne-nettelstedt.de\/index.php\/spielleitung-2\/"]}]},{"@type":"BreadcrumbList","@id":"https:\/\/www.freilichtbuehne-nettelstedt.de\/index.php\/spielleitung-2\/#breadcrumb","itemListElement":[{"@type":"ListItem","position":1,"name":"Startseite","item":"https:\/\/www.freilichtbuehne-nettelstedt.de\/"},{"@type":"ListItem","position":2,"name":"SPIELLEITUNG"}]},{"@type":"WebSite","@id":"https:\/\/www.freilichtbuehne-nettelstedt.de\/#website","url":"https:\/\/www.freilichtbuehne-nettelstedt.de\/","name":"Freilichtb\u00fchne Nettelstedt","description":"Theater, das einfach Spa\u00df macht","publisher":{"@id":"https:\/\/www.freilichtbuehne-nettelstedt.de\/#organization"},"potentialAction":[{"@type":"SearchAction","target":{"@type":"EntryPoint","urlTemplate":"https:\/\/www.freilichtbuehne-nettelstedt.de\/?s={search_term_string}"},"query-input":{"@type":"PropertyValueSpecification","valueRequired":true,"valueName":"search_term_string"}}],"inLanguage":"de"},{"@type":"Organization","@id":"https:\/\/www.freilichtbuehne-nettelstedt.de\/#organization","name":"Freilichtb\u00fchne Nettelstedt e.V","url":"https:\/\/www.freilichtbuehne-nettelstedt.de\/","logo":{"@type":"ImageObject","inLanguage":"de","@id":"https:\/\/www.freilichtbuehne-nettelstedt.de\/#\/schema\/logo\/image\/","url":"https:\/\/www.freilichtbuehne-nettelstedt.de\/wp-content\/uploads\/2016\/02\/Logo_Final_2016_Transp_klein.png","contentUrl":"https:\/\/www.freilichtbuehne-nettelstedt.de\/wp-content\/uploads\/2016\/02\/Logo_Final_2016_Transp_klein.png","width":250,"height":100,"caption":"Freilichtb\u00fchne Nettelstedt e.V"},"image":{"@id":"https:\/\/www.freilichtbuehne-nettelstedt.de\/#\/schema\/logo\/image\/"},"sameAs":["https:\/\/www.facebook.com\/freilichtbuehne.nettelstedt\/","https:\/\/www.instagram.com\/freilichtbuehnenettelstedt\/"]}]}},"_links":{"self":[{"href":"https:\/\/www.freilichtbuehne-nettelstedt.de\/index.php\/wp-json\/wp\/v2\/pages\/10722","targetHints":{"allow":["GET"]}}],"collection":[{"href":"https:\/\/www.freilichtbuehne-nettelstedt.de\/index.php\/wp-json\/wp\/v2\/pages"}],"about":[{"href":"https:\/\/www.freilichtbuehne-nettelstedt.de\/index.php\/wp-json\/wp\/v2\/types\/page"}],"author":[{"embeddable":true,"href":"https:\/\/www.freilichtbuehne-nettelstedt.de\/index.php\/wp-json\/wp\/v2\/users\/127"}],"replies":[{"embeddable":true,"href":"https:\/\/www.freilichtbuehne-nettelstedt.de\/index.php\/wp-json\/wp\/v2\/comments?post=10722"}],"version-history":[{"count":12,"href":"https:\/\/www.freilichtbuehne-nettelstedt.de\/index.php\/wp-json\/wp\/v2\/pages\/10722\/revisions"}],"predecessor-version":[{"id":10962,"href":"https:\/\/www.freilichtbuehne-nettelstedt.de\/index.php\/wp-json\/wp\/v2\/pages\/10722\/revisions\/10962"}],"wp:attachment":[{"href":"https:\/\/www.freilichtbuehne-nettelstedt.de\/index.php\/wp-json\/wp\/v2\/media?parent=10722"}],"curies":[{"name":"wp","href":"https:\/\/api.w.org\/{rel}","templated":true}]}}